{"id":7533,"date":"2017-03-31T13:42:27","date_gmt":"2017-03-31T05:42:27","guid":{"rendered":"https:\/\/hksl.org\/?page_id=7533\/"},"modified":"2019-01-03T16:41:29","modified_gmt":"2019-01-03T08:41:29","slug":"broadcasts","status":"publish","type":"page","link":"https:\/\/hksl.org\/zh-hant\/about-us\/broadcasts\/","title":{"rendered":"\u8f49\u64ad"},"content":{"rendered":"<h3><strong>\u83ab\u624e\u7279\u55ae\u7c27\u7ba1\u5354\u594f\u66f2<\/strong><\/h3>\n<p>24.11.2018<strong><br \/>\n<img loading=\"lazy\" decoding=\"async\" class=\"alignnone wp-image-14302\" src=\"https:\/\/hksl.org\/wp-content\/uploads\/2019\/01\/Rapha\u00ebl-S\u00e9v\u00e8re_16c_HK-Sinfonietta-Ltd-768x512.jpg\" alt=\"\" width=\"600\" height=\"427\" \/><br \/>\n<\/strong><\/p>\n<table class=\"onecolumn-xs concert-table\">\n<tbody>\n<tr>\n<td>\u97f3\u6a02\u7e3d\u76e3\/\u6307\u63ee<\/td>\n<td>\u8449\u8a60\u8a69<\/td>\n<\/tr>\n<tr>\n<td>\u55ae\u7c27\u7ba1<\/td>\n<td>\u585e\u97cb\u723e Rapha\u00ebl S\u00e9v\u00e8re<\/td>\n<\/tr>\n<\/tbody>\n<\/table>\n<p>&nbsp;<\/p>\n<p>\u7bc0\u76ee<\/p>\n<table class=\"onecolumn-xs concert-table\">\n<tbody>\n<tr>\n<td valign=\"top\">\u5fb7\u5e03\u897f<\/td>\n<td>\u300a\u7267\u795e\u4e4b\u5348\u5f8c\u300b\u524d\u594f\u66f2<\/td>\n<\/tr>\n<tr>\n<td valign=\"top\"><strong>\u83ab\u624e\u7279<\/strong><\/td>\n<td><strong>A\u5927\u8abf\u55ae\u7c27\u7ba1\u5354\u594f\u66f2\uff0cK622<\/strong><\/td>\n<\/tr>\n<tr>\n<td valign=\"top\">\u62c9\u5a01\u723e<\/td>\n<td>\u300a\u9d5d\u5abd\u5abd\u300b<\/td>\n<\/tr>\n<\/tbody>\n<\/table>\n<p>&nbsp;<\/p>\n<p><a href=\"https:\/\/hksl.org\/zh-hant\/concert\/great-clarinet-concertos-raphael-severe-plays-mozart\/\">\u700f\u89bd\u97f3\u6a02\u6703\u7db2\u9801<\/a><\/p>\n<p>&nbsp;<\/p>\n<p><a class=\"listen-button\" href=\"http:\/\/www.rthk.hk\/radio\/radio4\/programme\/Liveon4\/episode\/541415\" target=\"_blank\" rel=\"noopener\">\u6536\u807d\u00a0<\/a><\/p>\n<p>&nbsp;<\/p>\n<hr \/>\n<h3><strong>\u85a9\u514b\u65af\u7ba1\u5927\u5e2b\u9808\u5ddd\u5c55\u4e5f<\/strong><\/h3>\n<p>13.10.2018<strong><br \/>\n<\/strong><img loading=\"lazy\" decoding=\"async\" class=\"alignnone wp-image-14045\" src=\"https:\/\/hksl.org\/wp-content\/uploads\/2018\/10\/Nobuya-Sugawa_12c_HK-Sinfonietta-Ltd-768x512.jpg\" alt=\"\" width=\"600\" height=\"427\" \/><\/p>\n<table class=\"onecolumn-xs concert-table\">\n<tbody>\n<tr>\n<td>\u6307\u63ee<\/td>\n<td>\u4f5b\u91cc\u65af\uff0e\u7dad\u585e\u65af Roberto For\u00e9s Veses<\/td>\n<\/tr>\n<tr>\n<td>\u85a9\u514b\u65af\u7ba1<\/td>\n<td>\u9808\u5ddd\u5c55\u4e5f Nobuya Sugawa<\/td>\n<\/tr>\n<\/tbody>\n<\/table>\n<p>&nbsp;<\/p>\n<p>\u7bc0\u76ee<\/p>\n<table class=\"onecolumn-xs concert-table\">\n<tbody>\n<tr>\n<td valign=\"top\">\u7d30\u5ddd\u4fca\u592b<\/td>\n<td>\u300a\u958b\u82b1 II\u300b\uff082011\uff09\uff08\u9999\u6e2f\u9996\u6f14\uff09<\/td>\n<\/tr>\n<tr>\n<td valign=\"top\"><strong>\u5fb7\u5e03\u897f<\/strong><\/td>\n<td><strong>\u85a9\u514b\u65af\u7ba1\u8207\u6a02\u968a\u72c2\u60f3\u66f2\uff08\u9808\u5ddd\u5c55\u4e5f\u7248\u672c\uff09<\/strong><\/td>\n<\/tr>\n<tr>\n<td valign=\"top\"><strong>\u585e\u4f0a<\/strong><\/td>\n<td><strong>\u85a9\u514b\u65af\u7ba1\u8207\u6a02\u968a\u6558\u4e8b\u66f2\uff0c\u4f5c\u54c167\uff082016\uff09\uff08\u9999\u6e2f\u9996\u6f14\uff09<br \/>\n\u7531\u9808\u5ddd\u5c55\u4e5f\u59d4\u7d04<\/strong><\/td>\n<\/tr>\n<tr>\n<td valign=\"top\">\u897f\u8c9d\u907c\u58eb<\/td>\n<td>E\u5c0f\u8abf\u7b2c\u4e00\u4ea4\u97ff\u66f2\uff0c\u4f5c\u54c139<\/td>\n<\/tr>\n<\/tbody>\n<\/table>\n<p>&nbsp;<\/p>\n<p><a href=\"https:\/\/hksl.org\/zh-hant\/concert\/nobuya-sugawa-the-art-of-the-saxophone\/\">\u700f\u89bd\u97f3\u6a02\u6703\u7db2\u9801<\/a><\/p>\n<p>&nbsp;<\/p>\n<p><a class=\"listen-button\" href=\"http:\/\/www.rthk.hk\/radio\/radio4\/programme\/Liveon4\/episode\/530682\" target=\"_blank\" rel=\"noopener\">\u6536\u807d\u00a0<\/a><\/p>\n<p>&nbsp;<\/p>\n<hr \/>\n<h3><strong><br \/>\n\u6cd5\u570b\u4e94\u6708\u85dd\u8853\u7bc0<\/strong><br \/>\n<strong>\u5361\u9580 (\u56db\u5e55\u6b4c\u5287)<\/strong><\/h3>\n<p>\u4e3b\u8fa6\uff1a\u9999\u6e2f\u6b4c\u5287\u9662<br \/>\n\u73fe\u5834\u4f34\u594f\uff1a\u9999\u6e2f\u5c0f\u4ea4\u97ff\u6a02\u5718<\/p>\n<p>16-20.6.2018\u00a0 \u9999\u6e2f\u6587\u5316\u4e2d\u5fc3\u5927\u5287\u9662<\/p>\n<p><img loading=\"lazy\" decoding=\"async\" class=\"alignnone wp-image-13763\" src=\"https:\/\/hksl.org\/wp-content\/uploads\/2018\/09\/OperaHongKong_Carmen_Poster-768x1152.jpg\" alt=\"\" width=\"274\" height=\"446\" \/><\/p>\n<p><a href=\"https:\/\/hksl.org\/zh-hant\/concert\/opera-hong-kong-carmen\/\">\u700f\u89bd\u97f3\u6a02\u6703\u7db2\u9801<\/a><\/p>\n<p>&nbsp;<\/p>\n<p><a class=\"listen-button\" href=\"http:\/\/www.rthk.hk\/radio\/radio4\/programme\/Liveon4_rpt\/episode\/507118\">\u6536\u807d<\/a><\/p>\n<p>&nbsp;<\/p>\n","protected":false},"excerpt":{"rendered":"<p>\u83ab\u624e\u7279\u55ae\u7c27\u7ba1\u5354\u594f\u66f2 24.11.2018 \u97f3\u6a02\u7e3d\u76e3\/\u6307\u63ee \u8449\u8a60\u8a69 \u55ae\u7c27\u7ba1 \u585e\u97cb\u723e Rapha\u00ebl S\u00e9v\u00e8re [&hellip;]<\/p>\n","protected":false},"author":1,"featured_media":0,"parent":624,"menu_order":7,"comment_status":"closed","ping_status":"closed","template":"","meta":{"_acf_changed":false,"_monsterinsights_skip_tracking":false,"_monsterinsights_sitenote_active":false,"_monsterinsights_sitenote_note":"","_monsterinsights_sitenote_category":0,"footnotes":""},"class_list":["post-7533","page","type-page","status-publish","hentry"],"acf":[],"_links":{"self":[{"href":"https:\/\/hksl.org\/zh-hant\/wp-json\/wp\/v2\/pages\/7533","targetHints":{"allow":["GET"]}}],"collection":[{"href":"https:\/\/hksl.org\/zh-hant\/wp-json\/wp\/v2\/pages"}],"about":[{"href":"https:\/\/hksl.org\/zh-hant\/wp-json\/wp\/v2\/types\/page"}],"author":[{"embeddable":true,"href":"https:\/\/hksl.org\/zh-hant\/wp-json\/wp\/v2\/users\/1"}],"replies":[{"embeddable":true,"href":"https:\/\/hksl.org\/zh-hant\/wp-json\/wp\/v2\/comments?post=7533"}],"version-history":[{"count":0,"href":"https:\/\/hksl.org\/zh-hant\/wp-json\/wp\/v2\/pages\/7533\/revisions"}],"up":[{"embeddable":true,"href":"https:\/\/hksl.org\/zh-hant\/wp-json\/wp\/v2\/pages\/624"}],"wp:attachment":[{"href":"https:\/\/hksl.org\/zh-hant\/wp-json\/wp\/v2\/media?parent=7533"}],"curies":[{"name":"wp","href":"https:\/\/api.w.org\/{rel}","templated":true}]}}